{"id":6033,"date":"2025-01-09T10:54:41","date_gmt":"2025-01-09T10:54:41","guid":{"rendered":"https:\/\/baco.md\/?page_id=6033"},"modified":"2025-12-30T09:51:46","modified_gmt":"2025-12-30T09:51:46","slug":"faq","status":"publish","type":"page","link":"https:\/\/baco.md\/ru\/faq\/","title":{"rendered":"FAQ"},"content":{"rendered":"<div class=\"wpb-content-wrapper\">\n<div class=\"vc_row wpb_row vc_row-fluid\">\n        <div class=\"wpb_column vc_column_container vc_col-sm-12\"><div class=\"vc_column-inner\"><div class=\"wpb_wrapper\">\n\t<div class=\"wpb_text_column wpb_content_element\" >\n\t\t<div class=\"wpb_wrapper\">\n\t\t\t<h2 class=\"p1\" style=\"text-align: center;\"><b>\u00centreb\u0103ri frecvente despre cursurile noastre<\/b><\/h2>\n\n\t\t<\/div>\n\t<\/div>\n\n\t<div class=\"wpb_text_column wpb_content_element\" >\n\t\t<div class=\"wpb_wrapper\">\n\t\t\t<p class=\"p1\">\u00cen\u021belegem c\u0103 alegerea cursului potrivit este un pas important. De aceea, am preg\u0103tit o list\u0103 cu cele mai frecvente \u00eentreb\u0103ri pe care le primim, pentru a v\u0103 ajuta s\u0103 ave\u021bi toate informa\u021biile necesare \u00eenainte de a v\u0103 \u00eenscrie. Dac\u0103 ave\u021bi alte nel\u0103muriri, nu ezita\u021bi s\u0103 ne contacta\u021bi! Suntem aici s\u0103 v\u0103 sprijinim.<\/p>\n\n\t\t<\/div>\n\t<\/div>\n<div  class=\"vc_toggle vc_toggle_simple vc_toggle_color_default  vc_toggle_size_lg vc_toggle_active vc_custom_1767088233797\"><div class=\"vc_toggle_title\"><h4>1. Care este programul de lucru?<\/h4><i class=\"vc_toggle_icon\"><\/i><\/div><div class=\"vc_toggle_content\"><p>Programul standart pentru inregistrari este de luni pina vineri, de la 09.00-16.00. Programul desfasurarii cursurilor pot varia si poate fi diferit de programul standart in dependenta de necesitatile studentilor nostri.<\/p>\n<\/div><\/div><div  class=\"vc_toggle vc_toggle_simple vc_toggle_color_default  vc_toggle_size_lg vc_custom_1736421034364\"><div class=\"vc_toggle_title\"><h4>2. Exista limita de varsta?<\/h4><i class=\"vc_toggle_icon\"><\/i><\/div><div class=\"vc_toggle_content\"><p>Nu exista limite de varsta! Avem studenti inclusiv si pensionari.<\/p>\n<\/div><\/div><div  class=\"vc_toggle vc_toggle_simple vc_toggle_color_default  vc_toggle_size_lg vc_custom_1767088268002\"><div class=\"vc_toggle_title\"><h4>3. Ce condi\u021bii trebuie s\u0103 \u00eendeplinesc pentru \u00eenscriere?<\/h4><i class=\"vc_toggle_icon\"><\/i><\/div><div class=\"vc_toggle_content\"><p>Conditiile de inscriere pentru cursurile de frumusete includ:<\/p>\n<ul>\n<li>Varsta minima 15 ani<\/li>\n<li>Acte necesare: Copia act de identitate<\/li>\n<\/ul>\n<p>Condi\u021biile de \u00eenscriere pentru cursurile din domeniul alimentatiei publice includ:<\/p>\n<ul>\n<li>V\u00e2rsta minim\u0103 de 15 ani<\/li>\n<li>Acte necesare: copie buletin, 2 poze 3&#215;4<\/li>\n<\/ul>\n<\/div><\/div><div  class=\"vc_toggle vc_toggle_simple vc_toggle_color_default  vc_toggle_size_lg vc_custom_1736421379412\"><div class=\"vc_toggle_title\"><h4>4. Sunt cursurile disponibile \u0219i \u00een format online sau cu frecventa redusa?<\/h4><i class=\"vc_toggle_icon\"><\/i><\/div><div class=\"vc_toggle_content\"><p>Da, oferim cursuri teoretice \u00een format \u201cla distanta\u201d, insa partea practic\u0103 se desf\u0103\u0219oar\u0103 \u00een loca\u021biile cu care avem incheiate contracte, sub \u00eendrumarea speciali\u0219tilor. Acest format este disponibil doar pentru cursurile din domeniul alimentatie publice (bucatar, cofetar, chelner, barman)<\/p>\n<\/div><\/div><div  class=\"vc_toggle vc_toggle_simple vc_toggle_color_default  vc_toggle_size_lg vc_custom_1736421399994\"><div class=\"vc_toggle_title\"><h4>5. Pot pl\u0103ti cursurile \u00een rate?<\/h4><i class=\"vc_toggle_icon\"><\/i><\/div><div class=\"vc_toggle_content\"><p>Da, oferim posibilitatea de a pl\u0103ti taxa cursului \u00een rate timp de 4 luni cu 0% dobanda. Prima rata fiind achitata dupa o luna din momentul aplicarii la curs.<\/p>\n<\/div><\/div><div  class=\"vc_toggle vc_toggle_simple vc_toggle_color_default  vc_toggle_size_lg vc_custom_1736421420099\"><div class=\"vc_toggle_title\"><h4>6. Sunt materialele incluse \u00een pre\u021bul cursului?<\/h4><i class=\"vc_toggle_icon\"><\/i><\/div><div class=\"vc_toggle_content\"><p>Da, toate materialele si instrumentele necesare pentru cursuri sunt incluse \u00een pret.<\/p>\n<\/div><\/div><div  class=\"vc_toggle vc_toggle_simple vc_toggle_color_default  vc_toggle_size_lg vc_custom_1736421447170\"><div class=\"vc_toggle_title\"><h4>7. Oferi\u021bi ajutor pentru g\u0103sirea unui loc de munc\u0103 dup\u0103 absolvire?<\/h4><i class=\"vc_toggle_icon\"><\/i><\/div><div class=\"vc_toggle_content\"><p>Da, colabor\u0103m cu diverse restaurante si companii din domeniu, \u0219i v\u0103 recomandam pentru angajare. De asemenea, organiz\u0103m periodic workshop-uri despre cum s\u0103 v\u0103 preg\u0103ti\u021bi pentru interviuri.<\/p>\n<\/div><\/div><div  class=\"vc_toggle vc_toggle_simple vc_toggle_color_default  vc_toggle_size_lg vc_custom_1736421465811\"><div class=\"vc_toggle_title\"><h4>8. Pot \u00eencepe cursul dac\u0103 nu am experien\u021b\u0103 anterioar\u0103?<\/h4><i class=\"vc_toggle_icon\"><\/i><\/div><div class=\"vc_toggle_content\"><p>Desigur! Cursurile noastre sunt concepute at\u00e2t pentru \u00eencep\u0103tori, c\u00e2t \u0219i pentru cei care doresc s\u0103-\u0219i perfec\u021bioneze abilit\u0103\u021bile.<\/p>\n<\/div><\/div><div  class=\"vc_toggle vc_toggle_simple vc_toggle_color_default  vc_toggle_size_lg vc_custom_1736421490072\"><div class=\"vc_toggle_title\"><h4>9. C\u00e2te persoane sunt \u00eentr-o grup\u0103?<\/h4><i class=\"vc_toggle_icon\"><\/i><\/div><div class=\"vc_toggle_content\"><p>Num\u0103rul maxim de participan\u021bi difera pentru fiecare curs:<\/p>\n<ul>\n<li>Cursuri alimentatie publica (bucatar, cofetar) \u2013 4-10 persoane in grup<\/li>\n<li>Cursuri frumusete \u2013 individual sau cate 2 persoane<\/li>\n<\/ul>\n<\/div><\/div><div  class=\"vc_toggle vc_toggle_simple vc_toggle_color_default  vc_toggle_size_lg vc_custom_1736421518273\"><div class=\"vc_toggle_title\"><h4>10. Unde se desf\u0103\u0219oar\u0103 cursurile?<\/h4><i class=\"vc_toggle_icon\"><\/i><\/div><div class=\"vc_toggle_content\"><p>Cursurile se desf\u0103\u0219oar\u0103 \u00een loca\u021biile noastre special amenajate, dotate cu echipamentele necesare.<\/p>\n<\/div><\/div><div  class=\"vc_toggle vc_toggle_simple vc_toggle_color_default  vc_toggle_size_lg vc_custom_1736421542406\"><div class=\"vc_toggle_title\"><h4>11. Cum m\u0103 pot \u00eenscrie?<\/h4><i class=\"vc_toggle_icon\"><\/i><\/div><div class=\"vc_toggle_content\"><p>V\u0103 pute\u021bi \u00eenscrie:<\/p>\n<ul>\n<li>Online, complet\u00e2nd formularul de pe site-ul nostru<\/li>\n<li>Telefonic, apel\u00e2nd la num\u0103rul nostru de contact<\/li>\n<li>Direct la sediul nostru<\/li>\n<\/ul>\n<\/div><\/div><\/div><\/div><\/div><\/div>\n\n<\/div>","protected":false},"excerpt":{"rendered":"\u00centreb\u0103ri frecvente despre cursurile noastre \u00cen\u021belegem c\u0103 alegerea cursului potrivit este un pas important. De aceea, am preg\u0103tit o list\u0103 cu cele mai frecvente \u00eentreb\u0103ri pe care le primim, pentru a v\u0103 ajuta s\u0103 ave\u021bi toate informa\u021biile necesare \u00eenainte de a v\u0103 \u00eenscrie. Dac\u0103 ave\u021bi alte nel\u0103muriri, nu ezita\u021bi s\u0103 ne contacta\u021bi! Suntem aici s\u0103 [...]","protected":false},"author":1,"featured_media":0,"parent":0,"menu_order":0,"comment_status":"closed","ping_status":"closed","template":"","meta":{"footnotes":""},"class_list":["post-6033","page","type-page","status-publish","hentry"],"_links":{"self":[{"href":"https:\/\/baco.md\/ru\/wp-json\/wp\/v2\/pages\/6033","targetHints":{"allow":["GET"]}}],"collection":[{"href":"https:\/\/baco.md\/ru\/wp-json\/wp\/v2\/pages"}],"about":[{"href":"https:\/\/baco.md\/ru\/wp-json\/wp\/v2\/types\/page"}],"author":[{"embeddable":true,"href":"https:\/\/baco.md\/ru\/wp-json\/wp\/v2\/users\/1"}],"replies":[{"embeddable":true,"href":"https:\/\/baco.md\/ru\/wp-json\/wp\/v2\/comments?post=6033"}],"version-history":[{"count":11,"href":"https:\/\/baco.md\/ru\/wp-json\/wp\/v2\/pages\/6033\/revisions"}],"predecessor-version":[{"id":6197,"href":"https:\/\/baco.md\/ru\/wp-json\/wp\/v2\/pages\/6033\/revisions\/6197"}],"wp:attachment":[{"href":"https:\/\/baco.md\/ru\/wp-json\/wp\/v2\/media?parent=6033"}],"curies":[{"name":"wp","href":"https:\/\/api.w.org\/{rel}","templated":true}]}}