{"id":413,"date":"2018-07-26T12:16:19","date_gmt":"2018-07-26T12:16:19","guid":{"rendered":"http:\/\/lmsdemo.loc\/lms-white\/?page_id=413"},"modified":"2022-02-08T12:09:09","modified_gmt":"2022-02-08T12:09:09","slug":"contact","status":"publish","type":"page","link":"https:\/\/baco.md\/ru\/contact\/","title":{"rendered":"Contacte"},"content":{"rendered":"<div class=\"wpb-content-wrapper\"><div class=\"vc_row wpb_row vc_row-fluid vc_custom_1435659486461\">\n        <div class=\"stm_icon_box_responsive wpb_column vc_column_container vc_col-sm-6\"><div class=\"vc_column-inner\"><div class=\"wpb_wrapper\"><div class=\"vc_custom_heading vc_custom_1644321796503 text_align_left\" ><h3 style=\"text-align: left\" class=\"masterstudy-custom-title\">Date de contact<\/h3><\/div><style type=\"text\/css\">.module__da07b6c61be6940f5fe03f432320a176 {\n    background:#ffffff !important; color:#555555;\n}\n\n.module__da07b6c61be6940f5fe03f432320a176 .icon {\n    width:35px;\n}\n.module__da07b6c61be6940f5fe03f432320a176 .icon i {\n    font-size: 35px;\n    color: #7fcc4d !important;\n}\n.icon_alignment_top_left .module__da07b6c61be6940f5fe03f432320a176 {\n    text-align: left;\n}\n.icon_alignment_top_center .module__da07b6c61be6940f5fe03f432320a176 {\n    text-align: center;\n    margin-right: auto;\n    margin-left: auto;\n}\n.icon_alignment_top_right .module__da07b6c61be6940f5fe03f432320a176 {\n    text-align: right;\n    margin-right: 0;\n    margin-left: auto;\n}\n<\/style>\n\n\t<div class=\"icon_box vc_custom_1644321828510 stm_icon_box_hover_none standart module__da07b6c61be6940f5fe03f432320a176 box_align_left clearfix\">\n\t\t<div class=\"icon_alignment_left\">\n\t\t\t\t\t\t\t<div class=\"icon vc_custom_1644321828509\">\n\t\t\t\t\t<i class=\"fa-icon-stm_icon_pin-o\"><\/i>\n\t\t\t\t<\/div>\n\t\t\t\n\t\t\t<div class=\"icon_text\">\n\t\t\t\t\t\t\t\t\t<h5 style=\"color:#555555\">\n                        Adresa:                    <\/h5>\n\t\t\t\t\t\t\t\t<p>\u0443\u043b. \u0422\u0438\u0442\u0443\u043b\u0435\u0441\u043a\u0443 32, \u0411\u043e\u0442\u0430\u043d\u0438\u043a\u0430, \u041a\u0438\u0448\u0438\u043d\u0435\u0432, \u041c\u043e\u043b\u0434\u043e\u0432\u0430<\/p>\n\t\t\t<\/div>\n\t\t<\/div> <!-- align icons -->\n\t<\/div>\n\n<div class=\"vc_row wpb_row vc_inner vc_row-fluid vc_custom_1435139343164\"><div class=\"stm_sm_gutter_back wpb_column vc_column_container vc_col-sm-12 vc_col-lg-6 vc_col-md-6\"><div class=\"vc_column-inner vc_custom_1436791397964\"><div class=\"wpb_wrapper\"><style type=\"text\/css\">.module__27e1f165140e9686acade07fcf7a4c25 {\n    background:#ffffff !important; color:#555555;\n}\n\n.module__27e1f165140e9686acade07fcf7a4c25 .icon {\n    width:35px;\n}\n.module__27e1f165140e9686acade07fcf7a4c25 .icon i {\n    font-size: 33px;\n    color: #7fcc4d !important;\n}\n.icon_alignment_top_left .module__27e1f165140e9686acade07fcf7a4c25 {\n    text-align: left;\n}\n.icon_alignment_top_center .module__27e1f165140e9686acade07fcf7a4c25 {\n    text-align: center;\n    margin-right: auto;\n    margin-left: auto;\n}\n.icon_alignment_top_right .module__27e1f165140e9686acade07fcf7a4c25 {\n    text-align: right;\n    margin-right: 0;\n    margin-left: auto;\n}\n<\/style>\n\n\t<div class=\"icon_box vc_custom_1644321880724 stm_icon_box_hover_none dark module__27e1f165140e9686acade07fcf7a4c25 box_align_left clearfix\">\n\t\t<div class=\"icon_alignment_left\">\n\t\t\t\t\t\t\t<div class=\"icon vc_custom_1644321880723\">\n\t\t\t\t\t<i class=\"fa-icon-stm_icon_phone-o\"><\/i>\n\t\t\t\t<\/div>\n\t\t\t\n\t\t\t<div class=\"icon_text\">\n\t\t\t\t\t\t\t\t\t<h5 style=\"color:#555555\">\n                        Telefon:                    <\/h5>\n\t\t\t\t\t\t\t\t<p><a href=\"tel:0782 39 277\">0782 39 277<\/a><\/p>\n\t\t\t<\/div>\n\t\t<\/div> <!-- align icons -->\n\t<\/div>\n\n<\/div><\/div><\/div><div class=\"stm_sm_gutter_back wpb_column vc_column_container vc_col-sm-12 vc_col-lg-6 vc_col-md-6\"><div class=\"vc_column-inner vc_custom_1436790977027\"><div class=\"wpb_wrapper\"><\/div><\/div><\/div><\/div><div class=\"vc_row wpb_row vc_inner vc_row-fluid vc_custom_1435139343164\"><div class=\"stm_sm_gutter_back stm_bottom_border wpb_column vc_column_container vc_col-sm-12 vc_col-lg-6 vc_col-md-6\"><div class=\"vc_column-inner vc_custom_1436791452718\"><div class=\"wpb_wrapper\"><style type=\"text\/css\">.module__1a8b7441e1f5b1013f1a64640718e911 {\n    background:#ffffff !important; color:#555555;\n}\n\n.module__1a8b7441e1f5b1013f1a64640718e911 .icon {\n    width:35px;\n}\n.module__1a8b7441e1f5b1013f1a64640718e911 .icon i {\n    font-size: 22px;\n    color: #7fcc4d !important;\n}\n.icon_alignment_top_left .module__1a8b7441e1f5b1013f1a64640718e911 {\n    text-align: left;\n}\n.icon_alignment_top_center .module__1a8b7441e1f5b1013f1a64640718e911 {\n    text-align: center;\n    margin-right: auto;\n    margin-left: auto;\n}\n.icon_alignment_top_right .module__1a8b7441e1f5b1013f1a64640718e911 {\n    text-align: right;\n    margin-right: 0;\n    margin-left: auto;\n}\n<\/style>\n\n\t<div class=\"icon_box vc_custom_1644321907416 stm_icon_box_hover_none dark module__1a8b7441e1f5b1013f1a64640718e911 box_align_left clearfix\">\n\t\t<div class=\"icon_alignment_left\">\n\t\t\t\t\t\t\t<div class=\"icon vc_custom_1644321907414\">\n\t\t\t\t\t<i class=\"fa-icon-stm_icon_mail-o\"><\/i>\n\t\t\t\t<\/div>\n\t\t\t\n\t\t\t<div class=\"icon_text\">\n\t\t\t\t\t\t\t\t\t<h5 style=\"color:#555555\">\n                        Email:                    <\/h5>\n\t\t\t\t\t\t\t\t<p><a href=\"mailto:cursuribaco@gmail.com\">cursuribaco@gmail.com<\/a><\/p>\n\t\t\t<\/div>\n\t\t<\/div> <!-- align icons -->\n\t<\/div>\n\n<\/div><\/div><\/div><div class=\"stm_sm_gutter_back wpb_column vc_column_container vc_col-sm-12 vc_col-lg-6 vc_col-md-6\"><div class=\"vc_column-inner vc_custom_1436791272952\"><div class=\"wpb_wrapper\"><\/div><\/div><\/div><\/div><\/div><\/div><\/div><div class=\"wpb_column vc_column_container vc_col-sm-6\"><div class=\"vc_column-inner\"><div class=\"wpb_wrapper\">    <style type=\"text\/css\">\n        @media (max-width: 768px) {\n            .a34173cb38f07f89ddbebc2ac9128303f {\n                height : 30px !important;\n            }\n        }\n    <\/style>\n\n<div class=\"a34173cb38f07f89ddbebc2ac9128303f vc_empty_space\"\n         style=\"height: 0px\" >\n    <span class=\"vc_empty_space_inner\"><\/span>\n<\/div>\n<div class=\"vc_custom_heading vc_custom_1644321927197 text_align_left\" ><h3 style=\"text-align: left\" class=\"masterstudy-custom-title\">Loca\u021bia pe hart\u0103:<\/h3><\/div><div class=\"wpb_gmaps_widget wpb_content_element\"><div class=\"wpb_wrapper\"><div class=\"wpb_map_wraper\"><iframe src=\"https:\/\/www.google.com\/maps\/embed?pb=!1m14!1m8!1m3!1d10885.946202744095!2d28.8700607!3d46.9914187!3m2!1i1024!2i768!4f13.1!3m3!1m2!1s0x0%3A0x7a6cf7823cf7e5b8!2sBACO%20-%20Centru%20de%20Instruire!5e0!3m2!1sro!2s!4v1644321952989!5m2!1sro!2s\" width=\"600\" height=\"266\" style=\"border:0;\" allowfullscreen=\"\" loading=\"lazy\"><\/iframe><\/div><\/div><\/div><\/div><\/div><\/div><\/div>\n\n<div class=\"vc_row wpb_row vc_row-fluid\">\n        <div class=\"wpb_column vc_column_container vc_col-sm-12\"><div class=\"vc_column-inner\"><div class=\"wpb_wrapper\">\n<div class=\"multiseparator vc_custom_1435665826984\"><\/div>\n<\/div><\/div><\/div><\/div>\n\n<div class=\"vc_row wpb_row vc_row-fluid\">\n        <div class=\"custom-border wpb_column vc_column_container vc_col-sm-12\"><div class=\"vc_column-inner vc_custom_1644322088012\"><div class=\"wpb_wrapper\"><div class=\"vc_custom_heading vc_custom_1644321997065 text_align_left\" ><h3 style=\"text-align: left\" class=\"masterstudy-custom-title\">\u00censcrie-te la cursuri ACUM<\/h3><\/div>\n<div class=\"wpcf7 no-js\" id=\"wpcf7-f403-o1\" lang=\"en-US\" dir=\"ltr\" data-wpcf7-id=\"403\">\n<div class=\"screen-reader-response\"><p role=\"status\" aria-live=\"polite\" aria-atomic=\"true\"><\/p> <ul><\/ul><\/div>\n<form action=\"\/ru\/wp-json\/wp\/v2\/pages\/413#wpcf7-f403-o1\" method=\"post\" class=\"wpcf7-form init\" aria-label=\"Contact form\" novalidate=\"novalidate\" data-status=\"init\" data-trp-original-action=\"\/ru\/wp-json\/wp\/v2\/pages\/413#wpcf7-f403-o1\">\n<fieldset class=\"hidden-fields-container\"><input type=\"hidden\" name=\"_wpcf7\" value=\"403\" \/><input type=\"hidden\" name=\"_wpcf7_version\" value=\"6.1.5\" \/><input type=\"hidden\" name=\"_wpcf7_locale\" value=\"en_US\" \/><input type=\"hidden\" name=\"_wpcf7_unit_tag\" value=\"wpcf7-f403-o1\" \/><input type=\"hidden\" name=\"_wpcf7_container_post\" value=\"0\" \/><input type=\"hidden\" name=\"_wpcf7_posted_data_hash\" value=\"\" \/><input type=\"hidden\" name=\"_wpcf7_recaptcha_response\" value=\"\" \/>\n<\/fieldset>\n<div class=\"form-contact\">\n\t<div class=\"form-row\">\n\t\t<div class=\"form-column-2\">\n\t\t\t<p>\u0418\u043c\u044f (\u043e\u0431\u044f\u0437\u0430\u0442\u0435\u043b\u044c\u043d\u043e)<br \/>\n<span class=\"wpcf7-form-control-wrap\" data-name=\"your-first-name\"><input size=\"40\" maxlength=\"400\" class=\"wpcf7-form-control wpcf7-text wpcf7-validates-as-required\" aria-required=\"true\" aria-invalid=\"false\" placeholder=\"\" value=\"\" type=\"text\" name=\"your-first-name\" \/><\/span>\n\t\t\t<\/p>\n\t\t<\/div>\n\t<\/div>\n\t<div class=\"form-row\">\n\t\t<div class=\"form-column-2\">\n\t\t\t<p>\u0422\u0435\u043b\u0435\u0444\u043e\u043d (\u043e\u0431\u044f\u0437.)<br \/>\n<span class=\"wpcf7-form-control-wrap\" data-name=\"your-phone\"><input size=\"40\" maxlength=\"400\" class=\"wpcf7-form-control wpcf7-tel wpcf7-validates-as-required wpcf7-text wpcf7-validates-as-tel\" aria-required=\"true\" aria-invalid=\"false\" placeholder=\"\" value=\"\" type=\"tel\" name=\"your-phone\" \/><\/span>\n\t\t\t<\/p>\n\t\t<\/div>\n\t<\/div>\n\t<div class=\"form-row\">\n\t\t<div class=\"form-column-1\">\n\t\t\t<p>\u0412\u044b\u0431\u0435\u0440\u0438 \u043a\u0443\u0440\u0441 (\u043e\u0431\u044f\u0437.)<br \/>\n<span class=\"wpcf7-form-control-wrap\" data-name=\"select-897\"><select class=\"wpcf7-form-control wpcf7-select\" aria-invalid=\"false\" name=\"select-897\"><option value=\"Buc\u0103tar\" selected=\"selected\">\u041f\u043e\u0432\u0430\u0440<\/option><option value=\"Cofetar\">\u041a\u043e\u043d\u0434\u0438\u0442\u0435\u0440<\/option><option value=\"Bucatar-Cofetar\">\u041f\u043e\u0432\u0430\u0440-\u041a\u043e\u043d\u0434\u0438\u0442\u0435\u0440<\/option><option value=\"Barman\">\u0411\u0430\u0440\u043c\u0435\u043d<\/option><option value=\"Chelner\">\u041e\u0444\u0438\u0446\u0438\u0430\u043d\u0442<\/option><option value=\"Chelner-Barman\">\u041e\u0444\u0438\u0446\u0438\u0430\u043d\u0442-\u0411\u0430\u0440\u043c\u0435\u043d<\/option><option value=\"Vinzator-Casier\">Vinzator-Casier<\/option><option value=\"Alungirea unghiilor\">Alungirea unghiilor<\/option><option value=\"Epilare ceara sau zahar\">\u0412\u043e\u0441\u043a\u043e\u0432\u0430\u044f \u0438\u043b\u0438 \u0441\u0430\u0445\u0430\u0440\u043d\u0430\u044f \u0434\u0435\u043f\u0438\u043b\u044f\u0446\u0438\u044f<\/option><option value=\"Epilare ceara + zahar (sugaring)\">\u0414\u0435\u043f\u0438\u043b\u044f\u0446\u0438\u044f \u0432\u043e\u0441\u043a\u043e\u043c + \u0441\u0430\u0445\u0430\u0440 (\u0448\u0443\u0433\u0430\u0440\u0438\u043d\u0433)<\/option><option value=\"Alungire gene\">\u041d\u0430\u0440\u0430\u0449\u0438\u0432\u0430\u043d\u0438\u0435 \u0440\u0435\u0441\u043d\u0438\u0446<\/option><option value=\"Laminare gene\">\u041b\u0430\u043c\u0438\u043d\u0438\u0440\u043e\u0432\u0430\u043d\u0438\u0435 \u0440\u0435\u0441\u043d\u0438\u0446<\/option><option value=\"Machiaj\">\u041c\u0430\u043a\u0438\u044f\u0436<\/option><option value=\"Stilizare spr\u00e2ncene \u0219i vopsire cu henna\">\u0421\u0442\u0438\u043b\u0438\u0437\u0430\u0446\u0438\u044f \u0431\u0440\u043e\u0432\u0435\u0439 \u0438 \u043e\u043a\u0440\u0430\u0448\u0438\u0432\u0430\u043d\u0438\u0435 \u0445\u043d\u043e\u0439<\/option><option value=\"Manichiura combinata + acoperirea unghiilor\">\u041a\u043e\u043c\u0431\u0438\u043d\u0438\u0440\u043e\u0432\u0430\u043d\u043d\u044b\u0439 \u043c\u0430\u043d\u0438\u043a\u044e\u0440 + \u043f\u043e\u043a\u0440\u044b\u0442\u0438\u0435 \u043d\u043e\u0433\u0442\u0435\u0439<\/option><option value=\"Pedichiura\">\u041f\u0435\u0434\u0438\u043a\u044e\u0440<\/option><option value=\"Alungirea unghiilor + manichiura combinata\">\u041d\u0430\u0440\u0430\u0449\u0438\u0432\u0430\u043d\u0438\u0435 \u043d\u043e\u0433\u0442\u0435\u0439 + \u043a\u043e\u043c\u0431\u0438\u043d\u0438\u0440\u043e\u0432\u0430\u043d\u043d\u044b\u0439 \u043c\u0430\u043d\u0438\u043a\u044e\u0440<\/option><option value=\"Perfec\u021bion\u0103ri extensia genelor\">\u041f\u043e\u0432\u044b\u0448\u0435\u043d\u0438\u0435 \u043a\u0432\u0430\u043b\u0438\u0444\u0438\u043a\u0430\u0446\u0438\u0438 \u043f\u043e \u043d\u0430\u0440\u0430\u0449\u0438\u0432\u0430\u043d\u0438\u044e \u0440\u0435\u0441\u043d\u0438\u0446<\/option><option value=\"Coafuri de sear\u0103 \u0219i mireas\u0103\">\u0421\u0432\u0430\u0434\u0435\u0431\u043d\u044b\u0435 \u0438 \u0432\u0435\u0447\u0435\u0440\u043d\u0438\u0435 \u043f\u0440\u0438\u0447\u0435\u0441\u043a\u0438<\/option><option value=\"Manager de baza\">Manager de baza<\/option><option value=\"Manager vanzari\">Manager vanzari<\/option><option value=\"HR Manager\">HR Manager<\/option><option value=\"Initiere in afaceri (curs de antreprenoriat)\">Initiere in afaceri (curs de antreprenoriat)<\/option><\/select><\/span>\n\t\t\t<\/p>\n\t\t<\/div>\n\t<\/div>\n\t<div class=\"form-row\">\n\t\t<div class=\"form-column-1\">\n\t\t\t<p><input class=\"wpcf7-form-control wpcf7-submit has-spinner\" type=\"submit\" value=\"\u041e\u0442\u043f\u0440\u0430\u0432\u0438\u0442\u044c \u0441\u043e\u043e\u0431\u0449\u0435\u043d\u0438\u0435\" \/>\n\t\t\t<\/p>\n\t\t<\/div>\n\t<\/div>\n<\/div><div class=\"wpcf7-response-output\" aria-hidden=\"true\"><\/div>\n<input type=\"hidden\" name=\"trp-form-language\" value=\"ru\"\/><\/form>\n<\/div>\n<\/div><\/div><\/div><\/div>\n<\/div>","protected":false},"excerpt":{"rendered":"Date de contact Adresa: str.Titulescu 32 Botanica, Chi\u015fin\u0103u, Moldova Telefon: 0782 39 277 Email: cursuribaco@gmail.com Loca\u021bia pe hart\u0103: \u00censcrie-te la cursuri ACUM Nume (obligatoriu) Telefon (obligatoriu) Alege curs (obligatoriu) Buc\u0103tarCofetarBucatar-CofetarBarmanChelnerChelner-BarmanVinzator-CasierAlungirea unghiilorEpilare ceara sau zaharEpilare ceara + zahar (sugaring)Alungire geneLaminare geneMachiajStilizare spr\u00e2ncene \u0219i vopsire cu hennaManichiura combinata + acoperirea unghiilorPedichiuraAlungirea unghiilor + manichiura combinataPerfec\u021bion\u0103ri extensia genelorCoafuri [...]","protected":false},"author":1,"featured_media":0,"parent":0,"menu_order":0,"comment_status":"closed","ping_status":"closed","template":"","meta":{"footnotes":""},"class_list":["post-413","page","type-page","status-publish","hentry"],"_links":{"self":[{"href":"https:\/\/baco.md\/ru\/wp-json\/wp\/v2\/pages\/413","targetHints":{"allow":["GET"]}}],"collection":[{"href":"https:\/\/baco.md\/ru\/wp-json\/wp\/v2\/pages"}],"about":[{"href":"https:\/\/baco.md\/ru\/wp-json\/wp\/v2\/types\/page"}],"author":[{"embeddable":true,"href":"https:\/\/baco.md\/ru\/wp-json\/wp\/v2\/users\/1"}],"replies":[{"embeddable":true,"href":"https:\/\/baco.md\/ru\/wp-json\/wp\/v2\/comments?post=413"}],"version-history":[{"count":0,"href":"https:\/\/baco.md\/ru\/wp-json\/wp\/v2\/pages\/413\/revisions"}],"wp:attachment":[{"href":"https:\/\/baco.md\/ru\/wp-json\/wp\/v2\/media?parent=413"}],"curies":[{"name":"wp","href":"https:\/\/api.w.org\/{rel}","templated":true}]}}